{"id":2,"date":"2017-08-11T15:52:10","date_gmt":"2017-08-11T15:52:10","guid":{"rendered":"https:\/\/www.prommeggers.com\/?page_id=2"},"modified":"2022-10-17T13:28:23","modified_gmt":"2022-10-17T12:28:23","slug":"karriere","status":"publish","type":"page","link":"https:\/\/www.prommeggers.com\/?page_id=2","title":{"rendered":"Karriere"},"content":{"rendered":"\n<h5 id=\"werd-a-prommeggers-und-starte-durch\">WERD\u00b4A PROMMEGGERS \u2026 UND STARTE DURCH!<\/h5>\n\n\n\n<p>Wir PROMMEGGERs sind gut darin Altes zu bewahren und Neues zu gestalten. Das bedeutet bei uns traditionelles Handwerk mit modernem Zeitgeist zu verkn\u00fcpfen. Wir vertrauen auf gegenseitige Handschlagqualit\u00e4t. Zu uns passt, wer neugierig ist, mit uns gemeinsam voranschreiten und einen eigenst\u00e4ndigen Beitrag leisten will.<\/p>\n\n\n\n<p>Das erwartet dich bei uns:<\/p>\n\n\n\n<ul><li>Fachspezifische Einschulung in Modulform in unserer PROMMEGGERs Akademie<\/li><li>Monatliche Pr\u00e4mie nach Abschluss eines Moduls und Gutscheine<\/li><li>Betriebsferien im August und \u00fcber Weihnachten<\/li><li>Je nach Stelle sind flexible Arbeitszeiten mit Kernzeiten m\u00f6glich<\/li><li>Unsere Maschinen sind am neuesten Stand<\/li><li>Wir sind Nachhaltig und drucken mit unserem Photovoltaik-Strom<\/li><li>Wir sind stolz auf unsere trendige Berufsbekleidung<\/li><\/ul>\n\n\n\n<p><\/p>\n\n\n\n<p>Wir freuen uns, dass Du folgende Eigenschaften mitbringst:<\/p>\n\n\n\n<ul><li>Handwerklich geschickt oder abgeschlossene Berufsausbildung<\/li><li>Lernwillig, denn dein Weg steuert von der rechten Hand zur Fachkraft<\/li><li>Genaues Arbeiten vom ersten bis zum letzten Druck<\/li><li>Du spr\u00fchst vor Freude und arbeitest gerne im Team<\/li><li>Auch Quereinsteiger sind Willkommen<\/li><\/ul>\n\n\n\n<p><br>Zur Zeit sind folgende Stellen offen:<\/p>\n\n\n\n<p><\/p>\n\n\n\n<figure class=\"is-layout-flex wp-block-gallery-1 wp-block-gallery has-nested-images columns-2 is-cropped\"><\/figure>\n\n\n\n<p>Sollte deine gew\u00fcnschte Stelle derzeit nicht verf\u00fcgbar sein kannst du dich trotzdem jederzeit aus eigener Initiative bewerben!<\/p>\n","protected":false},"excerpt":{"rendered":"<p>WERD\u00b4A PROMMEGGERS \u2026 UND STARTE DURCH! Wir PROMMEGGERs sind gut darin Altes zu bewahren und Neues zu gestalten. Das bedeutet bei uns traditionelles Handwerk mit modernem Zeitgeist zu verkn\u00fcpfen. Wir vertrauen auf gegenseitige Handschlagqualit\u00e4t. Zu uns passt, wer neugierig ist, mit uns gemeinsam voranschreiten und einen eigenst\u00e4ndigen Beitrag leisten will. Das erwartet dich bei uns: &hellip; <\/p>\n<p class=\"link-more\"><a href=\"https:\/\/www.prommeggers.com\/?page_id=2\" class=\"more-link\"><span class=\"screen-reader-text\">\u201eKarriere\u201c<\/span> weiterlesen<\/a><\/p>\n","protected":false},"author":1,"featured_media":0,"parent":0,"menu_order":0,"comment_status":"closed","ping_status":"closed","template":"","meta":[],"_links":{"self":[{"href":"https:\/\/www.prommeggers.com\/index.php?rest_route=\/wp\/v2\/pages\/2"}],"collection":[{"href":"https:\/\/www.prommeggers.com\/index.php?rest_route=\/wp\/v2\/pages"}],"about":[{"href":"https:\/\/www.prommeggers.com\/index.php?rest_route=\/wp\/v2\/types\/page"}],"author":[{"embeddable":true,"href":"https:\/\/www.prommeggers.com\/index.php?rest_route=\/wp\/v2\/users\/1"}],"replies":[{"embeddable":true,"href":"https:\/\/www.prommeggers.com\/index.php?rest_route=%2Fwp%2Fv2%2Fcomments&post=2"}],"version-history":[{"count":11,"href":"https:\/\/www.prommeggers.com\/index.php?rest_route=\/wp\/v2\/pages\/2\/revisions"}],"predecessor-version":[{"id":244,"href":"https:\/\/www.prommeggers.com\/index.php?rest_route=\/wp\/v2\/pages\/2\/revisions\/244"}],"wp:attachment":[{"href":"https:\/\/www.prommeggers.com\/index.php?rest_route=%2Fwp%2Fv2%2Fmedia&parent=2"}],"curies":[{"name":"wp","href":"https:\/\/api.w.org\/{rel}","templated":true}]}}