{"id":31,"date":"2018-02-04T19:23:49","date_gmt":"2018-02-04T19:23:49","guid":{"rendered":"https:\/\/www.prommeggers.com\/?page_id=31"},"modified":"2022-10-17T13:19:07","modified_gmt":"2022-10-17T12:19:07","slug":"startseite","status":"publish","type":"page","link":"https:\/\/www.prommeggers.com\/","title":{"rendered":"Willkommen bei PROMMEGGERs"},"content":{"rendered":"\n<p><strong>Stephan und Daniela Prommegger \u2026<\/strong><\/p>\n\n\n\n<p>f\u00fchren das von Wolfgang Prommegger gegr\u00fcndete Maler- und Beschriftungsunternehmen in zweiter Generation. Seit 2014 befindet sich unser Standort in Werfen. Wir sind Ihr Ansprechpartner f\u00fcr <strong>Maler-, Beschriftungs- und Textildruckarbeiten!<\/strong><\/p>\n\n\n\n<p><strong>Unsere Schwerpunkte sind<\/strong><\/p>\n\n\n\n<ul><li>Maler und Anstricharbeiten, f\u00fcr Innen und Au\u00dfen<\/li><li>Sanierungsarbeiten nach Wassersch\u00e4den und Schimmelbefall<\/li><li>Bodenbeschichtungen und Industrieb\u00f6den f\u00fcr Garagen, Gesch\u00e4ftsr\u00e4ume, Balkone, etc.Tapezierarbeiten<\/li><li>PanDomo Spachtelungen und Natursteinteppich f\u00fcr Innen<\/li><li>Beschriftungen und Hinweisschilder<\/li><li>Digitaldruck und Werbebanner<\/li><li>Autobeschriftungen<\/li><li>Lichtwerbung Textildruck<\/li><li>Stick<\/li><li>Fotodrucke auf Leinwand und Glas<\/li><\/ul>\n\n\n\n<p>Unser umfangreiches Lieferprogramm bietet f\u00fcr viele Anwendungen L\u00f6sungen, l\u00e4\u00dft aber noch viel Freiraum f\u00fcr Ihre kreativen Ideen.<\/p>\n\n\n\n<p><br><strong>Meilensteine<\/strong><\/p>\n\n\n\n<p><strong>1974 <\/strong>gr\u00fcndete Malermeister Wolfgang Prommegger die Firma \u201eMalerei Prommegger\u201c mit seinem ersten Firmenstandort in der Industriestra\u00dfe beim jetzigen C+C Wedel in St. Johann im Pongau.<br><strong>1980 <\/strong>\u2026 erfolgt der Umzug in die <strong>Wieshofgasse<\/strong>, wo auch heute noch ein Lager befindet.<br><strong>2001 <\/strong>\u2026 Meisterpr\u00fcfung von Stephan Prommegger<br><strong>2008<\/strong> \u2026 \u00fcbernahm Stephan Prommegger das gesamte Unternehmen Malerei Schriften Textildruck Schilder Werbung Stick Tapeten !<br><strong>2010 <\/strong>\u2026 Neuer Firmenname und Logo \u201e<strong>PROMMEGGERs<\/strong>\u201c<br><strong>2013<\/strong> \u2026 steigt Daniela Prommegger ins Unternehmen an und ist zu Beginn f\u00fcr die Verwaltung zust\u00e4ndig und wickelt inzwischen Ihre Werbetechnikauftr\u00e4ge ab<br><strong>2014 <\/strong>\u2026 Umzug ins neu Wohn- und B\u00fcrogeb\u00e4ude in <strong>Werfen\/Scharten<\/strong>.<br><strong>2015 <\/strong>\u2026 <strong>Siebdruck <\/strong>als neue Dienstleistung<br><strong>2016 <\/strong>\u2026 Erweiterung des Werbetechniksortiments durch <strong>Latex XL Digitaldruck<\/strong> und <strong><strong>3M DI-NOC<\/strong> Folienverlegung<\/strong>. Wir sind zertifizierter Verleger \u2026 <strong>Stick <\/strong>erg\u00e4nzt unser Textildruckangebot \u2026<br><strong>2019 <\/strong>\u2026 Wir sind nun Systempartner f\u00fcr die Verlegung von <strong>Natursteinteppich <\/strong>und <strong>PanDOMO <\/strong>Spachtelungen<br><strong>2020 <\/strong>\u2026 Erweiterung und Fertigstellung unserer <strong>Beschriftungshalle <\/strong>mit <strong>Farbenshop <\/strong>am Firmenstandort in Werfen<br><strong>2021 <\/strong>&#8230; &#8222;Des Kaisers neuer Garten&#8220; Mustergarten mit Skulpturen der <strong>Kaiserhof Glasmanufaktur<\/strong>. Produkte dieser sind bei uns vor Ort erh\u00e4ltlich!<br><strong>2022 <\/strong>\u2026 mit unserer neuen <strong>CNC Fr\u00e4se<\/strong> k\u00f6nnen wir unser Portfolio um <strong>3D Buchstaben<\/strong> und das <strong>Fr\u00e4sen<\/strong> von Schriftz\u00fcgen erweitern<br><strong>2022 <\/strong>\u2026 seit Oktober firmieren wir nun offiziell als GmbH<\/p>\n\n\n\n<p><strong>Ihr PROMMEGGERs Team<\/strong><\/p>\n\n\n\n<h5 id=\"prommeggers\"><strong>PROMMEGGER<\/strong>s GmbH<\/h5>\n\n\n\n<p>Malermeister | Schriften | Textildruck | Farbenshop<br>Gesch\u00e4ftsf\u00fchrung: Stephan Prommegger<br><br>B\u00fcroanschrift, Werbetechnik:\u00a0 5450 Werfen, Schartenstra\u00dfe 3<br>Lager Malerei: 5600 St. Johann im Pongau, Wieshofgasse 7<br><br><a href=\"mailto:office@prommeggers.com\">office@prommeggers.com<\/a> | <a href=\"tel:0646820424\">06468 20424<\/a><br>Instagram:  <a rel=\"noreferrer noopener\" href=\"https:\/\/www.instagram.com\/prommeggers_com\/\" data-type=\"URL\" data-id=\"https:\/\/www.instagram.com\/prommeggers_com\/\" target=\"_blank\">@prommeggers_com<\/a><\/p>\n","protected":false},"excerpt":{"rendered":"<p>Stephan und Daniela Prommegger \u2026 f\u00fchren das von Wolfgang Prommegger gegr\u00fcndete Maler- und Beschriftungsunternehmen in zweiter Generation. Seit 2014 befindet sich unser Standort in Werfen. Wir sind Ihr Ansprechpartner f\u00fcr Maler-, Beschriftungs- und Textildruckarbeiten! Unsere Schwerpunkte sind Maler und Anstricharbeiten, f\u00fcr Innen und Au\u00dfen Sanierungsarbeiten nach Wassersch\u00e4den und Schimmelbefall Bodenbeschichtungen und Industrieb\u00f6den f\u00fcr Garagen, Gesch\u00e4ftsr\u00e4ume, &hellip; <\/p>\n<p class=\"link-more\"><a href=\"https:\/\/www.prommeggers.com\/\" class=\"more-link\"><span class=\"screen-reader-text\">\u201eWillkommen bei PROMMEGGERs\u201c<\/span> weiterlesen<\/a><\/p>\n","protected":false},"author":1,"featured_media":0,"parent":0,"menu_order":0,"comment_status":"closed","ping_status":"closed","template":"","meta":[],"_links":{"self":[{"href":"https:\/\/www.prommeggers.com\/index.php?rest_route=\/wp\/v2\/pages\/31"}],"collection":[{"href":"https:\/\/www.prommeggers.com\/index.php?rest_route=\/wp\/v2\/pages"}],"about":[{"href":"https:\/\/www.prommeggers.com\/index.php?rest_route=\/wp\/v2\/types\/page"}],"author":[{"embeddable":true,"href":"https:\/\/www.prommeggers.com\/index.php?rest_route=\/wp\/v2\/users\/1"}],"replies":[{"embeddable":true,"href":"https:\/\/www.prommeggers.com\/index.php?rest_route=%2Fwp%2Fv2%2Fcomments&post=31"}],"version-history":[{"count":15,"href":"https:\/\/www.prommeggers.com\/index.php?rest_route=\/wp\/v2\/pages\/31\/revisions"}],"predecessor-version":[{"id":241,"href":"https:\/\/www.prommeggers.com\/index.php?rest_route=\/wp\/v2\/pages\/31\/revisions\/241"}],"wp:attachment":[{"href":"https:\/\/www.prommeggers.com\/index.php?rest_route=%2Fwp%2Fv2%2Fmedia&parent=31"}],"curies":[{"name":"wp","href":"https:\/\/api.w.org\/{rel}","templated":true}]}}